	
{"id":1603,"date":"2024-05-26T18:22:27","date_gmt":"2024-05-26T16:22:27","guid":{"rendered":"http:\/\/localhost\/delo2.it\/?page_id=1603"},"modified":"2024-10-26T11:45:50","modified_gmt":"2024-10-26T09:45:50","slug":"vision","status":"publish","type":"page","link":"http:\/\/www.delo.it\/index.php\/vision\/","title":{"rendered":"Vision"},"content":{"rendered":"\n<div style=\"height:50px\" aria-hidden=\"true\" class=\"wp-block-spacer\"><\/div>\n\n\n<div  class=\"tpgb-container-row tpgb-block-e52f_1603    alignwide  tpgb-container-inline  tpgb-container-wide \" data-id=\"e52f_1603\"  ><div class=\"tpgb-cont-in\">\n\n<blockquote class=\"wp-block-quote is-layout-flow wp-block-quote-is-layout-flow\">\n<p class=\"has-text-align-center copy_mission_vision\">Essere il punto di riferimento per i clienti nella gestione della complessit\u00e0 tecnologica,<br>monitoraggio della qualit\u00e0 dei servizi offerti, ottimizzazione dei costi e delle infrastrutture,<br>assicurando un alto standard di qualit\u00e0 e affidabilit\u00e0.<\/p>\n<\/blockquote>\n\n<\/div><\/div>\n\n\n<div style=\"height:50px\" aria-hidden=\"true\" class=\"wp-block-spacer\"><\/div>\n","protected":false},"excerpt":{"rendered":"","protected":false},"author":1,"featured_media":5366,"parent":0,"menu_order":16,"comment_status":"closed","ping_status":"closed","template":"","meta":{"tpgb_global_settings":"","footnotes":""},"class_list":["post-1603","page","type-page","status-publish","has-post-thumbnail","hentry"],"yoast_head":"<!-- This site is optimized with the Yoast SEO plugin v23.7 - https:\/\/yoast.com\/wordpress\/plugins\/seo\/ -->\r\n<title>Vision - Delo<\/title>\r\n<meta name=\"description\" content=\"La nostra Vision \u00e8 essere il punto di riferimento per i clienti nella gestione della complessit\u00e0 tecnologica,monitoraggio della qualit\u00e0 dei servizi offerti, ottimizzazione dei costi e delle infrastrutture,assicurando un alto standard di qualit\u00e0 e affidabilit\u00e0.\" \/>\r\n<meta name=\"robots\" content=\"index, follow, max-snippet:-1, max-image-preview:large, max-video-preview:-1\" \/>\r\n<link rel=\"canonical\" href=\"http:\/\/www.delo.it\/index.php\/vision\/\" \/>\r\n<meta property=\"og:locale\" content=\"it_IT\" \/>\r\n<meta property=\"og:type\" content=\"article\" \/>\r\n<meta property=\"og:title\" content=\"Vision - Delo\" \/>\r\n<meta property=\"og:description\" content=\"La nostra Vision \u00e8 essere il punto di riferimento per i clienti nella gestione della complessit\u00e0 tecnologica,monitoraggio della qualit\u00e0 dei servizi offerti, ottimizzazione dei costi e delle infrastrutture,assicurando un alto standard di qualit\u00e0 e affidabilit\u00e0.\" \/>\r\n<meta property=\"og:url\" content=\"http:\/\/www.delo.it\/index.php\/vision\/\" \/>\r\n<meta property=\"og:site_name\" content=\"Delo\" \/>\r\n<meta property=\"article:modified_time\" content=\"2024-10-26T09:45:50+00:00\" \/>\r\n<meta property=\"og:image\" content=\"http:\/\/www.delo.it\/wp-content\/uploads\/2024\/07\/vision.jpg\" \/>\r\n\t<meta property=\"og:image:width\" content=\"1200\" \/>\r\n\t<meta property=\"og:image:height\" content=\"628\" \/>\r\n\t<meta property=\"og:image:type\" content=\"image\/jpeg\" \/>\r\n<meta name=\"twitter:card\" content=\"summary_large_image\" \/>\r\n<meta name=\"twitter:label1\" content=\"Tempo di lettura stimato\" \/>\n\t<meta name=\"twitter:data1\" content=\"1 minuto\" \/>\r\n<script type=\"application\/ld+json\" class=\"yoast-schema-graph\">{\"@context\":\"https:\/\/schema.org\",\"@graph\":[{\"@type\":\"WebPage\",\"@id\":\"http:\/\/www.delo.it\/index.php\/vision\/\",\"url\":\"http:\/\/www.delo.it\/index.php\/vision\/\",\"name\":\"Vision - Delo\",\"isPartOf\":{\"@id\":\"https:\/\/www.delo.it\/#website\"},\"primaryImageOfPage\":{\"@id\":\"http:\/\/www.delo.it\/index.php\/vision\/#primaryimage\"},\"image\":{\"@id\":\"http:\/\/www.delo.it\/index.php\/vision\/#primaryimage\"},\"thumbnailUrl\":\"http:\/\/www.delo.it\/wp-content\/uploads\/2024\/07\/vision.jpg\",\"datePublished\":\"2024-05-26T16:22:27+00:00\",\"dateModified\":\"2024-10-26T09:45:50+00:00\",\"description\":\"La nostra Vision \u00e8 essere il punto di riferimento per i clienti nella gestione della complessit\u00e0 tecnologica,monitoraggio della qualit\u00e0 dei servizi offerti, ottimizzazione dei costi e delle infrastrutture,assicurando un alto standard di qualit\u00e0 e affidabilit\u00e0.\",\"breadcrumb\":{\"@id\":\"http:\/\/www.delo.it\/index.php\/vision\/#breadcrumb\"},\"inLanguage\":\"it-IT\",\"potentialAction\":[{\"@type\":\"ReadAction\",\"target\":[\"http:\/\/www.delo.it\/index.php\/vision\/\"]}]},{\"@type\":\"ImageObject\",\"inLanguage\":\"it-IT\",\"@id\":\"http:\/\/www.delo.it\/index.php\/vision\/#primaryimage\",\"url\":\"http:\/\/www.delo.it\/wp-content\/uploads\/2024\/07\/vision.jpg\",\"contentUrl\":\"http:\/\/www.delo.it\/wp-content\/uploads\/2024\/07\/vision.jpg\",\"width\":1200,\"height\":628},{\"@type\":\"BreadcrumbList\",\"@id\":\"http:\/\/www.delo.it\/index.php\/vision\/#breadcrumb\",\"itemListElement\":[{\"@type\":\"ListItem\",\"position\":1,\"name\":\"Home\",\"item\":\"https:\/\/www.delo.it\/\"},{\"@type\":\"ListItem\",\"position\":2,\"name\":\"Vision\"}]},{\"@type\":\"WebSite\",\"@id\":\"https:\/\/www.delo.it\/#website\",\"url\":\"https:\/\/www.delo.it\/\",\"name\":\"DELO Instruments\",\"description\":\"delo\",\"publisher\":{\"@id\":\"https:\/\/www.delo.it\/#organization\"},\"alternateName\":\"delo\",\"potentialAction\":[{\"@type\":\"SearchAction\",\"target\":{\"@type\":\"EntryPoint\",\"urlTemplate\":\"https:\/\/www.delo.it\/?s={search_term_string}\"},\"query-input\":{\"@type\":\"PropertyValueSpecification\",\"valueRequired\":true,\"valueName\":\"search_term_string\"}}],\"inLanguage\":\"it-IT\"},{\"@type\":\"Organization\",\"@id\":\"https:\/\/www.delo.it\/#organization\",\"name\":\"Delo Instruments\",\"alternateName\":\"delo\",\"url\":\"https:\/\/www.delo.it\/\",\"logo\":{\"@type\":\"ImageObject\",\"inLanguage\":\"it-IT\",\"@id\":\"https:\/\/www.delo.it\/#\/schema\/logo\/image\/\",\"url\":\"http:\/\/localhost\/delo2.it\/wp-content\/uploads\/2024\/06\/cropped-logo_delo-scaled-1.jpg\",\"contentUrl\":\"http:\/\/localhost\/delo2.it\/wp-content\/uploads\/2024\/06\/cropped-logo_delo-scaled-1.jpg\",\"width\":2560,\"height\":267,\"caption\":\"Delo Instruments\"},\"image\":{\"@id\":\"https:\/\/www.delo.it\/#\/schema\/logo\/image\/\"},\"sameAs\":[\"https:\/\/it.linkedin.com\/company\/delo-instruments\"]}]}<\/script>\r\n<!-- \/ Yoast SEO plugin. -->","yoast_head_json":{"title":"Vision - Delo","description":"La nostra Vision \u00e8 essere il punto di riferimento per i clienti nella gestione della complessit\u00e0 tecnologica,monitoraggio della qualit\u00e0 dei servizi offerti, ottimizzazione dei costi e delle infrastrutture,assicurando un alto standard di qualit\u00e0 e affidabilit\u00e0.","robots":{"index":"index","follow":"follow","max-snippet":"max-snippet:-1","max-image-preview":"max-image-preview:large","max-video-preview":"max-video-preview:-1"},"canonical":"http:\/\/www.delo.it\/index.php\/vision\/","og_locale":"it_IT","og_type":"article","og_title":"Vision - Delo","og_description":"La nostra Vision \u00e8 essere il punto di riferimento per i clienti nella gestione della complessit\u00e0 tecnologica,monitoraggio della qualit\u00e0 dei servizi offerti, ottimizzazione dei costi e delle infrastrutture,assicurando un alto standard di qualit\u00e0 e affidabilit\u00e0.","og_url":"http:\/\/www.delo.it\/index.php\/vision\/","og_site_name":"Delo","article_modified_time":"2024-10-26T09:45:50+00:00","og_image":[{"width":1200,"height":628,"url":"http:\/\/www.delo.it\/wp-content\/uploads\/2024\/07\/vision.jpg","type":"image\/jpeg"}],"twitter_card":"summary_large_image","twitter_misc":{"Tempo di lettura stimato":"1 minuto"},"schema":{"@context":"https:\/\/schema.org","@graph":[{"@type":"WebPage","@id":"http:\/\/www.delo.it\/index.php\/vision\/","url":"http:\/\/www.delo.it\/index.php\/vision\/","name":"Vision - Delo","isPartOf":{"@id":"https:\/\/www.delo.it\/#website"},"primaryImageOfPage":{"@id":"http:\/\/www.delo.it\/index.php\/vision\/#primaryimage"},"image":{"@id":"http:\/\/www.delo.it\/index.php\/vision\/#primaryimage"},"thumbnailUrl":"http:\/\/www.delo.it\/wp-content\/uploads\/2024\/07\/vision.jpg","datePublished":"2024-05-26T16:22:27+00:00","dateModified":"2024-10-26T09:45:50+00:00","description":"La nostra Vision \u00e8 essere il punto di riferimento per i clienti nella gestione della complessit\u00e0 tecnologica,monitoraggio della qualit\u00e0 dei servizi offerti, ottimizzazione dei costi e delle infrastrutture,assicurando un alto standard di qualit\u00e0 e affidabilit\u00e0.","breadcrumb":{"@id":"http:\/\/www.delo.it\/index.php\/vision\/#breadcrumb"},"inLanguage":"it-IT","potentialAction":[{"@type":"ReadAction","target":["http:\/\/www.delo.it\/index.php\/vision\/"]}]},{"@type":"ImageObject","inLanguage":"it-IT","@id":"http:\/\/www.delo.it\/index.php\/vision\/#primaryimage","url":"http:\/\/www.delo.it\/wp-content\/uploads\/2024\/07\/vision.jpg","contentUrl":"http:\/\/www.delo.it\/wp-content\/uploads\/2024\/07\/vision.jpg","width":1200,"height":628},{"@type":"BreadcrumbList","@id":"http:\/\/www.delo.it\/index.php\/vision\/#breadcrumb","itemListElement":[{"@type":"ListItem","position":1,"name":"Home","item":"https:\/\/www.delo.it\/"},{"@type":"ListItem","position":2,"name":"Vision"}]},{"@type":"WebSite","@id":"https:\/\/www.delo.it\/#website","url":"https:\/\/www.delo.it\/","name":"DELO Instruments","description":"delo","publisher":{"@id":"https:\/\/www.delo.it\/#organization"},"alternateName":"delo","potentialAction":[{"@type":"SearchAction","target":{"@type":"EntryPoint","urlTemplate":"https:\/\/www.delo.it\/?s={search_term_string}"},"query-input":{"@type":"PropertyValueSpecification","valueRequired":true,"valueName":"search_term_string"}}],"inLanguage":"it-IT"},{"@type":"Organization","@id":"https:\/\/www.delo.it\/#organization","name":"Delo Instruments","alternateName":"delo","url":"https:\/\/www.delo.it\/","logo":{"@type":"ImageObject","inLanguage":"it-IT","@id":"https:\/\/www.delo.it\/#\/schema\/logo\/image\/","url":"http:\/\/localhost\/delo2.it\/wp-content\/uploads\/2024\/06\/cropped-logo_delo-scaled-1.jpg","contentUrl":"http:\/\/localhost\/delo2.it\/wp-content\/uploads\/2024\/06\/cropped-logo_delo-scaled-1.jpg","width":2560,"height":267,"caption":"Delo Instruments"},"image":{"@id":"https:\/\/www.delo.it\/#\/schema\/logo\/image\/"},"sameAs":["https:\/\/it.linkedin.com\/company\/delo-instruments"]}]}},"tpgb_featured_images":{"full":["http:\/\/www.delo.it\/wp-content\/uploads\/2024\/07\/vision.jpg",1200,628,false],"tp-image-grid":["http:\/\/www.delo.it\/wp-content\/uploads\/2024\/07\/vision-700x700.jpg",700,700,true],"thumbnail":["http:\/\/www.delo.it\/wp-content\/uploads\/2024\/07\/vision-150x150.jpg",150,150,true],"medium":["http:\/\/www.delo.it\/wp-content\/uploads\/2024\/07\/vision-300x157.jpg",300,157,true],"medium_large":["http:\/\/www.delo.it\/wp-content\/uploads\/2024\/07\/vision-768x402.jpg",768,402,true],"large":["http:\/\/www.delo.it\/wp-content\/uploads\/2024\/07\/vision-1024x536.jpg",1024,536,true],"default":"http:\/\/www.delo.it\/wp-content\/plugins\/the-plus-addons-for-block-editor\/assets\/images\/tpgb-placeholder.jpg"},"tpgb_post_meta_info":{"get_date":"26 Maggio 2024","author_name":"delo2","author_url":"http:\/\/www.delo.it\/index.php\/author\/delo2\/","author_email":"selecreative@gmail.com","author_website":"http:\/\/localhost\/delo2.it","author_description":"","author_facebook":"","author_twitter":"","author_instagram":"","author_role":["administrator"],"author_firstname":"","author_lastname":"","user_login":"delo2","author_avatar":"<img alt='' src='https:\/\/secure.gravatar.com\/avatar\/005336b332594817c84ecd228104477037693ec41ad3816cdf67232ed414d2da?s=200&#038;d=mm&#038;r=g' srcset='https:\/\/secure.gravatar.com\/avatar\/005336b332594817c84ecd228104477037693ec41ad3816cdf67232ed414d2da?s=400&#038;d=mm&#038;r=g 2x' class='avatar avatar-200 photo' height='200' width='200' loading='lazy' decoding='async'\/>","author_avatar_url":"https:\/\/secure.gravatar.com\/avatar\/005336b332594817c84ecd228104477037693ec41ad3816cdf67232ed414d2da?s=96&d=mm&r=g","comment_count":0,"post_likes":0,"post_views":0},"tpgb_post_category":[],"_links":{"self":[{"href":"http:\/\/www.delo.it\/index.php\/wp-json\/wp\/v2\/pages\/1603","targetHints":{"allow":["GET"]}}],"collection":[{"href":"http:\/\/www.delo.it\/index.php\/wp-json\/wp\/v2\/pages"}],"about":[{"href":"http:\/\/www.delo.it\/index.php\/wp-json\/wp\/v2\/types\/page"}],"author":[{"embeddable":true,"href":"http:\/\/www.delo.it\/index.php\/wp-json\/wp\/v2\/users\/1"}],"replies":[{"embeddable":true,"href":"http:\/\/www.delo.it\/index.php\/wp-json\/wp\/v2\/comments?post=1603"}],"version-history":[{"count":21,"href":"http:\/\/www.delo.it\/index.php\/wp-json\/wp\/v2\/pages\/1603\/revisions"}],"predecessor-version":[{"id":4591,"href":"http:\/\/www.delo.it\/index.php\/wp-json\/wp\/v2\/pages\/1603\/revisions\/4591"}],"wp:featuredmedia":[{"embeddable":true,"href":"http:\/\/www.delo.it\/index.php\/wp-json\/wp\/v2\/media\/5366"}],"wp:attachment":[{"href":"http:\/\/www.delo.it\/index.php\/wp-json\/wp\/v2\/media?parent=1603"}],"curies":[{"name":"wp","href":"https:\/\/api.w.org\/{rel}","templated":true}]}}